{"id":24,"date":"2018-06-14T10:15:16","date_gmt":"2018-06-14T07:15:16","guid":{"rendered":"https:\/\/fineduai.mobiesmart.fi\/lms\/?page_id=24"},"modified":"2018-08-02T12:25:53","modified_gmt":"2018-08-02T09:25:53","slug":"etusivu","status":"publish","type":"page","link":"https:\/\/fineduai.mobiesmart.fi\/lms\/","title":{"rendered":"FinEduAI &#8211; teko\u00e4ly lukiolaisen oppimispolulla"},"content":{"rendered":"<p>[vc_row][vc_column][vc_column_text]<\/p>\n<p style=\"text-align: justify\">FinEduAI-hankkeen tavoitteena on tutustuttaa Suomen lukiot k\u00e4sitteeseen teko\u00e4ly ja sen eri muotoihin, sek\u00e4 arvioida miten teko\u00e4ly voitaisiin tuoda oppimisen tueksi. Tarkoitus on selvitt\u00e4\u00e4, miten teko\u00e4ly muokkautuu oppijan yksil\u00f6llisiin tarpeisiin ja oppimispolkuihin muun muassa hy\u00f6dynt\u00e4m\u00e4ll\u00e4 ja testaamalla jo valmiita teko\u00e4lysovelluksia ja konsepteja kuten Siri, Alexa, Chatbot ja Google.<\/p>\n<p style=\"text-align: justify\">FinEduAI tekee yhteisty\u00f6t\u00e4 kansainv\u00e4listen ja suomalaisten teko\u00e4ly-yritysten kanssa. Yhteisty\u00f6kumppaneiden tukemana kehitet\u00e4\u00e4n AI TUTOR \u201cMy Artificial Life Time Intelligence Tutor\u201d, joka k\u00e4ytt\u00e4\u00e4 soveltuvien oppimisalustojen ker\u00e4\u00e4m\u00e4\u00e4 Big dataa itsens\u00e4 kehitt\u00e4miseen. T\u00e4m\u00e4n tiedon avulla tehd\u00e4\u00e4n Big data visuaaliseksi oppijalle ja opettajalle. Tarkoituksena on tehd\u00e4 merkitt\u00e4v\u00e4\u00e4 yhteisty\u00f6t\u00e4 my\u00f6s suomalaisten korkeakoulujen kanssa ja kehitt\u00e4\u00e4 teko\u00e4ly\u00e4 hy\u00f6dynt\u00e4vi\u00e4 uudenlaisia oppimisen tapoja ja sis\u00e4lt\u00f6j\u00e4, muun muassa tutkimalla teko\u00e4lyn adaptiivisuutta oppimisessa ja arvioinnissa. Hanke tulee olemaan osallisena GameJam ja Hackathon -tapahtumissa, ja t\u00e4m\u00e4n lis\u00e4ksi tutustuu pelimaailmaan, teko\u00e4lyn koodaamiseen ja sill\u00e4 ohjattavaan robotiikkaan.<\/p>\n<p>Hankkeessa toimivat oppilaitokset ovat<strong><a href=\"https:\/\/peda.net\/muurame\/lukio\"> Muuramen lukio<\/a> (hankevastuu ja koordinaatio), <a href=\"https:\/\/klassikka.onedu.fi\/web\/\" target=\"_blank\" rel=\"noopener\">Kuopion klassillinen lukio<\/a> (koordinaattori), <a href=\"https:\/\/www.gradia.fi\/oppimaan\/lukio\">Gradia lukio<\/a> (koordinaatio) ja <a href=\"http:\/\/www.joensuu.fi\/yhteiskoulunlukio\" target=\"_blank\" rel=\"noopener\">Joensuun yhteiskoulun lukio<\/a> (koordinaatio)<br \/>\n<\/strong><\/p>\n<p><strong>Yhteisty\u00f6kumppaneina toimivat:<\/strong><\/p>\n<ul>\n<li><a href=\"https:\/\/maanpuolustuskorkeakoulu.fi\/sotatekniikan-laitos\">MPKK<\/a> (<span id=\"other-partners\" class=\"soresu-value\">Maanpuolustuskorkeakoulun sotatekniikan kadettiopiskelijat selvitt\u00e4v\u00e4t kandit\u00f6iden kautta hankkeelle teko\u00e4lyn k\u00e4ytt\u00f6\u00e4 eri ymp\u00e4rist\u00f6iss\u00e4.)<\/span><\/li>\n<li><a href=\"https:\/\/www.spectralengines.com\/meaningful-intelligence\/\" target=\"_blank\" rel=\"noopener\">Spectralengines Oy<\/a> (Yrityskehitt\u00e4j\u00e4kumppani, <span id=\"other-partners\" class=\"soresu-value\">jonka kanssa kehitet\u00e4\u00e4n teko\u00e4lyratkaisua lukiolaisen oppimispolkua ja arviointia tukemaan.<\/span><\/li>\n<li><a href=\"http:\/\/www.mobieacademy.fi\" target=\"_blank\" rel=\"noopener\">Mobie Oy<\/a> (Yrityskehitt\u00e4j\u00e4kumppani. A<span id=\"other-partners\" class=\"soresu-value\">daptiivisten verkkokurssien julkaisualusta ja sen teko\u00e4lyn testaus lukiokurssilla.<\/span>)<\/li>\n<li><span id=\"other-partners\" class=\"soresu-value\"><a href=\"https:\/\/www.jyu.fi\/it\/fi\/tiedekunta\">Jyv\u00e4skyl\u00e4n yliopiston informaatioteknologian laitos.<\/a> Yhteinen lukiokurssi kyberturvallisuudesta<br \/>\n<\/span><\/li>\n<li><a href=\"https:\/\/www.uef.fi\/fi\/etusivu\">It\u00e4-Suomen yliopisto<\/a> (verkostokumppani)<\/li>\n<li><a href=\"http:\/\/fineduvr.fi\/\" target=\"_blank\" rel=\"noopener\">#FinEduVr<\/a> \u2013 <span class=\"subheader\">Virtuaalitodellisuus ja el\u00e4myksellinen oppiminen<\/span> (Osaamisen jakaminen OPH-hankkeille)<\/li>\n<\/ul>\n<p><strong>Voit seurata meit\u00e4 sosiaalisessa mediassa:<br \/>\n<\/strong><a href=\"https:\/\/twitter.com\/FinEduAI\" target=\"_blank\" rel=\"noopener\">https:\/\/twitter.com\/FinEduAI<\/a><br \/>\n<a href=\"https:\/\/www.facebook.com\/fineduai\" target=\"_blank\" rel=\"noopener\">https:\/\/www.facebook.com\/fineduai<\/a><br \/>\n<a href=\"https:\/\/www.instagram.com\/fineduai\/\">https:\/\/www.instagram.com\/fineduai\/<\/a><\/p>\n<p><strong>Hanketta rahoittaa Opetushallitus.<\/strong><br \/>\n<img loading=\"lazy\" decoding=\"async\" class=\"alignnone size-full wp-image-174\" src=\"https:\/\/fineduai.mobiesmart.fi\/lms\/wp-content\/uploads\/sites\/2\/2018\/06\/180741_oph_su_ru_vaaka_rgb.png\" alt=\"\" width=\"250\" height=\"71\" srcset=\"https:\/\/fineduai.mobiesmart.fi\/lms\/wp-content\/uploads\/sites\/2\/2018\/06\/180741_oph_su_ru_vaaka_rgb.png 250w, https:\/\/fineduai.mobiesmart.fi\/lms\/wp-content\/uploads\/sites\/2\/2018\/06\/180741_oph_su_ru_vaaka_rgb-100x28.png 100w\" sizes=\"(max-width: 250px) 100vw, 250px\" \/><\/p>\n<p>[\/vc_column_text][\/vc_column][\/vc_row][vc_row][vc_column][vc_basic_grid post_type=&#8221;post&#8221; max_items=&#8221;10&#8243; style=&#8221;load-more&#8221; show_filter=&#8221;yes&#8221; element_width=&#8221;3&#8243; initial_loading_animation=&#8221;bounceIn&#8221; btn_style=&#8221;3d&#8221; grid_id=&#8221;vc_gid:1533201850213-ed94476f-7fbe-4&#8243; filter_source=&#8221;category&#8221;][\/vc_column][\/vc_row]<\/p>\n","protected":false},"excerpt":{"rendered":"<p>[vc_row][vc_column][vc_column_text] FinEduAI-hankkeen tavoitteena on tutustuttaa Suomen lukiot k\u00e4sitteeseen teko\u00e4ly ja sen eri muotoihin, sek\u00e4 arvioida miten teko\u00e4ly voitaisiin tuoda oppimisen tueksi. Tarkoitus on selvitt\u00e4\u00e4, miten teko\u00e4ly muokkautuu oppijan yksil\u00f6llisiin tarpeisiin ja oppimispolkuihin muun muassa hy\u00f6dynt\u00e4m\u00e4ll\u00e4 ja testaamalla jo valmiita teko\u00e4lysovelluksia ja konsepteja kuten Siri, Alexa, Chatbot ja Google. FinEduAI tekee yhteisty\u00f6t\u00e4 kansainv\u00e4listen ja suomalaisten teko\u00e4ly-yritysten [&hellip;]<\/p>\n","protected":false},"author":1,"featured_media":0,"parent":0,"menu_order":0,"comment_status":"closed","ping_status":"closed","template":"","meta":{"_bbp_topic_count":0,"_bbp_reply_count":0,"_bbp_total_topic_count":0,"_bbp_total_reply_count":0,"_bbp_voice_count":0,"_bbp_anonymous_reply_count":0,"_bbp_topic_count_hidden":0,"_bbp_reply_count_hidden":0,"_bbp_forum_subforum_count":0,"footnotes":""},"class_list":["post-24","page","type-page","status-publish","hentry","user-has-not-earned"],"_links":{"self":[{"href":"https:\/\/fineduai.mobiesmart.fi\/lms\/wp-json\/wp\/v2\/pages\/24"}],"collection":[{"href":"https:\/\/fineduai.mobiesmart.fi\/lms\/wp-json\/wp\/v2\/pages"}],"about":[{"href":"https:\/\/fineduai.mobiesmart.fi\/lms\/wp-json\/wp\/v2\/types\/page"}],"author":[{"embeddable":true,"href":"https:\/\/fineduai.mobiesmart.fi\/lms\/wp-json\/wp\/v2\/users\/1"}],"replies":[{"embeddable":true,"href":"https:\/\/fineduai.mobiesmart.fi\/lms\/wp-json\/wp\/v2\/comments?post=24"}],"version-history":[{"count":9,"href":"https:\/\/fineduai.mobiesmart.fi\/lms\/wp-json\/wp\/v2\/pages\/24\/revisions"}],"predecessor-version":[{"id":175,"href":"https:\/\/fineduai.mobiesmart.fi\/lms\/wp-json\/wp\/v2\/pages\/24\/revisions\/175"}],"wp:attachment":[{"href":"https:\/\/fineduai.mobiesmart.fi\/lms\/wp-json\/wp\/v2\/media?parent=24"}],"curies":[{"name":"wp","href":"https:\/\/api.w.org\/{rel}","templated":true}]}}